{"id":7,"date":"2022-05-03T07:44:55","date_gmt":"2022-05-03T05:44:55","guid":{"rendered":"http:\/\/tagespflege-hennigsdorf.de\/?page_id=7"},"modified":"2025-02-03T10:24:31","modified_gmt":"2025-02-03T09:24:31","slug":"tagespflege-lebensart","status":"publish","type":"page","link":"https:\/\/tagespflege-hennigsdorf.de\/","title":{"rendered":"Startseite"},"content":{"rendered":"\t\t<div data-elementor-type=\"wp-page\" data-elementor-id=\"7\" class=\"elementor elementor-7\" data-elementor-post-type=\"page\">\n\t\t\t\t\t\t<section class=\"elementor-section elementor-top-section elementor-element elementor-element-5f9105fd elementor-section-height-min-height elementor-section-boxed elementor-section-height-default elementor-section-items-middle\" data-id=\"5f9105fd\" data-element_type=\"section\" data-settings=\"{&quot;background_background&quot;:&quot;classic&quot;,&quot;sticky&quot;:&quot;top&quot;,&quot;sticky_on&quot;:[&quot;desktop&quot;,&quot;tablet&quot;,&quot;mobile&quot;],&quot;sticky_offset&quot;:0,&quot;sticky_effects_offset&quot;:0,&quot;sticky_anchor_link_offset&quot;:0}\">\n\t\t\t\t\t\t\t<div class=\"elementor-background-overlay\"><\/div>\n\t\t\t\t\t\t\t<div class=\"elementor-container elementor-column-gap-default\">\n\t\t\t\t\t<div class=\"elementor-column elementor-col-100 elementor-top-column elementor-element elementor-element-773b4046\" data-id=\"773b4046\" data-element_type=\"column\" data-settings=\"{&quot;background_background&quot;:&quot;classic&quot;}\">\n\t\t\t<div class=\"elementor-widget-wrap\">\n\t\t\t\t\t\t\t<\/div>\n\t\t<\/div>\n\t\t\t\t\t<\/div>\n\t\t<\/section>\n\t\t\t\t<section class=\"elementor-section elementor-top-section elementor-element elementor-element-385e6136 elementor-section-boxed elementor-section-height-default elementor-section-height-default\" data-id=\"385e6136\" data-element_type=\"section\" data-settings=\"{&quot;background_background&quot;:&quot;classic&quot;}\">\n\t\t\t\t\t\t<div class=\"elementor-container elementor-column-gap-no\">\n\t\t\t\t\t<div class=\"elementor-column elementor-col-50 elementor-top-column elementor-element elementor-element-16f6a027\" data-id=\"16f6a027\" data-element_type=\"column\" data-settings=\"{&quot;background_background&quot;:&quot;classic&quot;}\">\n\t\t\t<div class=\"elementor-widget-wrap elementor-element-populated\">\n\t\t\t\t\t\t<div class=\"elementor-element elementor-element-c3934e1 elementor-hidden-desktop elementor-hidden-tablet elementor-widget elementor-widget-image\" data-id=\"c3934e1\" data-element_type=\"widget\" data-widget_type=\"image.default\">\n\t\t\t\t<div class=\"elementor-widget-container\">\n\t\t\t\t\t\t\t\t\t\t\t\t\t\t\t<img fetchpriority=\"high\" decoding=\"async\" width=\"319\" height=\"202\" src=\"https:\/\/tagespflege-hennigsdorf.de\/wp-content\/uploads\/2022\/05\/stoerer.png\" class=\"attachment-full size-full wp-image-228\" alt=\"\" srcset=\"https:\/\/tagespflege-hennigsdorf.de\/wp-content\/uploads\/2022\/05\/stoerer.png 319w, https:\/\/tagespflege-hennigsdorf.de\/wp-content\/uploads\/2022\/05\/stoerer-300x190.png 300w\" sizes=\"(max-width: 319px) 100vw, 319px\" \/>\t\t\t\t\t\t\t\t\t\t\t\t\t\t\t<\/div>\n\t\t\t\t<\/div>\n\t\t\t\t<div class=\"elementor-element elementor-element-39778906 elementor-widget elementor-widget-heading\" data-id=\"39778906\" data-element_type=\"widget\" data-widget_type=\"heading.default\">\n\t\t\t\t<div class=\"elementor-widget-container\">\n\t\t\t\t\t<h2 class=\"elementor-heading-title elementor-size-default\">Ein herzliches Willkommen bei der Tagespflegest\u00e4tte LebensArt.<\/h2>\t\t\t\t<\/div>\n\t\t\t\t<\/div>\n\t\t\t\t<div class=\"elementor-element elementor-element-76f3042b elementor-widget elementor-widget-heading\" data-id=\"76f3042b\" data-element_type=\"widget\" data-widget_type=\"heading.default\">\n\t\t\t\t<div class=\"elementor-widget-container\">\n\t\t\t\t\t<h3 class=\"elementor-heading-title elementor-size-default\">Einer Einrichtung der Pflegedienst Hennigsdorf gGmbH.<\/h3>\t\t\t\t<\/div>\n\t\t\t\t<\/div>\n\t\t\t\t\t<\/div>\n\t\t<\/div>\n\t\t\t\t<div class=\"elementor-column elementor-col-50 elementor-top-column elementor-element elementor-element-efd2d9c\" data-id=\"efd2d9c\" data-element_type=\"column\" data-settings=\"{&quot;background_background&quot;:&quot;classic&quot;}\">\n\t\t\t<div class=\"elementor-widget-wrap elementor-element-populated\">\n\t\t\t\t\t\t<div class=\"elementor-element elementor-element-a591df3 elementor-hidden-mobile elementor-widget elementor-widget-image\" data-id=\"a591df3\" data-element_type=\"widget\" data-widget_type=\"image.default\">\n\t\t\t\t<div class=\"elementor-widget-container\">\n\t\t\t\t\t\t\t\t\t\t\t\t\t\t\t<img fetchpriority=\"high\" decoding=\"async\" width=\"319\" height=\"202\" src=\"https:\/\/tagespflege-hennigsdorf.de\/wp-content\/uploads\/2022\/05\/stoerer.png\" class=\"attachment-full size-full wp-image-228\" alt=\"\" srcset=\"https:\/\/tagespflege-hennigsdorf.de\/wp-content\/uploads\/2022\/05\/stoerer.png 319w, https:\/\/tagespflege-hennigsdorf.de\/wp-content\/uploads\/2022\/05\/stoerer-300x190.png 300w\" sizes=\"(max-width: 319px) 100vw, 319px\" \/>\t\t\t\t\t\t\t\t\t\t\t\t\t\t\t<\/div>\n\t\t\t\t<\/div>\n\t\t\t\t<div class=\"elementor-element elementor-element-b002925 elementor-widget elementor-widget-heading\" data-id=\"b002925\" data-element_type=\"widget\" data-widget_type=\"heading.default\">\n\t\t\t\t<div class=\"elementor-widget-container\">\n\t\t\t\t\t<h2 class=\"elementor-heading-title elementor-size-default\"><a href=\"http:\/\/tagespflege-hennigsdorf.de\/wp-content\/uploads\/2022\/05\/Gutschein-Tagespflege-2022.pdf\" target=\"_blank\"><b>Unser Gutschein zum Ausdrucken<\/b><\/br>\n&gt;&gt; Hier geht es zum Download<\/a><\/h2>\t\t\t\t<\/div>\n\t\t\t\t<\/div>\n\t\t\t\t\t<\/div>\n\t\t<\/div>\n\t\t\t\t\t<\/div>\n\t\t<\/section>\n\t\t\t\t<section class=\"elementor-section elementor-top-section elementor-element elementor-element-61c955b9 elementor-section-boxed elementor-section-height-default elementor-section-height-default\" data-id=\"61c955b9\" data-element_type=\"section\" data-settings=\"{&quot;background_background&quot;:&quot;classic&quot;}\">\n\t\t\t\t\t\t<div class=\"elementor-container elementor-column-gap-default\">\n\t\t\t\t\t<div class=\"elementor-column elementor-col-50 elementor-top-column elementor-element elementor-element-5f2a8e3\" data-id=\"5f2a8e3\" data-element_type=\"column\">\n\t\t\t<div class=\"elementor-widget-wrap elementor-element-populated\">\n\t\t\t\t\t\t<div class=\"elementor-element elementor-element-6a59ba6 elementor-widget elementor-widget-image\" data-id=\"6a59ba6\" data-element_type=\"widget\" data-widget_type=\"image.default\">\n\t\t\t\t<div class=\"elementor-widget-container\">\n\t\t\t\t\t\t\t\t\t\t\t\t\t\t\t<img decoding=\"async\" width=\"800\" height=\"533\" src=\"https:\/\/tagespflege-hennigsdorf.de\/wp-content\/uploads\/2022\/05\/tagespflege_lebensArt_4.jpg\" class=\"attachment-large size-large wp-image-276\" alt=\"\" srcset=\"https:\/\/tagespflege-hennigsdorf.de\/wp-content\/uploads\/2022\/05\/tagespflege_lebensArt_4.jpg 800w, https:\/\/tagespflege-hennigsdorf.de\/wp-content\/uploads\/2022\/05\/tagespflege_lebensArt_4-300x200.jpg 300w, https:\/\/tagespflege-hennigsdorf.de\/wp-content\/uploads\/2022\/05\/tagespflege_lebensArt_4-768x512.jpg 768w\" sizes=\"(max-width: 800px) 100vw, 800px\" \/>\t\t\t\t\t\t\t\t\t\t\t\t\t\t\t<\/div>\n\t\t\t\t<\/div>\n\t\t\t\t\t<\/div>\n\t\t<\/div>\n\t\t\t\t<div class=\"elementor-column elementor-col-50 elementor-top-column elementor-element elementor-element-384a93b\" data-id=\"384a93b\" data-element_type=\"column\">\n\t\t\t<div class=\"elementor-widget-wrap elementor-element-populated\">\n\t\t\t\t\t\t<div class=\"elementor-element elementor-element-bd448a9 elementor-widget elementor-widget-image\" data-id=\"bd448a9\" data-element_type=\"widget\" data-widget_type=\"image.default\">\n\t\t\t\t<div class=\"elementor-widget-container\">\n\t\t\t\t\t\t\t\t\t\t\t\t\t\t\t<img decoding=\"async\" width=\"800\" height=\"533\" src=\"https:\/\/tagespflege-hennigsdorf.de\/wp-content\/uploads\/2022\/05\/tagespflege_lebensArt_2.jpg\" class=\"attachment-large size-large wp-image-278\" alt=\"\" srcset=\"https:\/\/tagespflege-hennigsdorf.de\/wp-content\/uploads\/2022\/05\/tagespflege_lebensArt_2.jpg 800w, https:\/\/tagespflege-hennigsdorf.de\/wp-content\/uploads\/2022\/05\/tagespflege_lebensArt_2-300x200.jpg 300w, https:\/\/tagespflege-hennigsdorf.de\/wp-content\/uploads\/2022\/05\/tagespflege_lebensArt_2-768x512.jpg 768w\" sizes=\"(max-width: 800px) 100vw, 800px\" \/>\t\t\t\t\t\t\t\t\t\t\t\t\t\t\t<\/div>\n\t\t\t\t<\/div>\n\t\t\t\t\t<\/div>\n\t\t<\/div>\n\t\t\t\t\t<\/div>\n\t\t<\/section>\n\t\t\t\t<section class=\"elementor-section elementor-top-section elementor-element elementor-element-80d2cf0 elementor-section-boxed elementor-section-height-default elementor-section-height-default\" data-id=\"80d2cf0\" data-element_type=\"section\" data-settings=\"{&quot;background_background&quot;:&quot;classic&quot;}\">\n\t\t\t\t\t\t<div class=\"elementor-container elementor-column-gap-default\">\n\t\t\t\t\t<div class=\"elementor-column elementor-col-50 elementor-top-column elementor-element elementor-element-20fc96e\" data-id=\"20fc96e\" data-element_type=\"column\">\n\t\t\t<div class=\"elementor-widget-wrap elementor-element-populated\">\n\t\t\t\t\t\t<div class=\"elementor-element elementor-element-160556a elementor-widget elementor-widget-text-editor\" data-id=\"160556a\" data-element_type=\"widget\" data-widget_type=\"text-editor.default\">\n\t\t\t\t<div class=\"elementor-widget-container\">\n\t\t\t\t\t\t\t\t\t<p>Das wichtigste im Leben ist ein soziales Umfeld, Selbstbestimmung und ein gesellschaftliches Miteinander. Wir beobachten t\u00e4glich, dass diese Dinge in der H\u00e4uslichkeit pflegebed\u00fcrftiger Menschen aus verschiedensten Gr\u00fcnden oftmals nicht gegeben sind. Jedoch ist Gesellschaft und gemeinschaftliches Erleben genauso unerl\u00e4sslich wie eine gute pflegerische, medizinische und therapeutische Versorgung.<\/p><p>Dieser Aufgabe haben wir uns mit unserer Tagespflegest\u00e4tte \u201eLebensArt\u201c gestellt. In unserer Einrichtung geht es um das Leben, die Kunst es zu gestalten und es mit sinnvoller Zeit und Freude zu f\u00fcllen.\u00a0<\/p>\t\t\t\t\t\t\t\t<\/div>\n\t\t\t\t<\/div>\n\t\t\t\t\t<\/div>\n\t\t<\/div>\n\t\t\t\t<div class=\"elementor-column elementor-col-50 elementor-top-column elementor-element elementor-element-e7f0f48\" data-id=\"e7f0f48\" data-element_type=\"column\">\n\t\t\t<div class=\"elementor-widget-wrap elementor-element-populated\">\n\t\t\t\t\t\t<div class=\"elementor-element elementor-element-65459bd elementor-widget elementor-widget-text-editor\" data-id=\"65459bd\" data-element_type=\"widget\" data-widget_type=\"text-editor.default\">\n\t\t\t\t<div class=\"elementor-widget-container\">\n\t\t\t\t\t\t\t\t\t<p>Um die Lebensqualit\u00e4t unserer G\u00e4ste zu verbessern, alltagspraktische F\u00e4higkeiten zu erhalten oder wiederherzustellen, mentale und physische Kr\u00e4fte zu wecken, und damit das h\u00f6chste Ma\u00df an Selbstbestimmung und W\u00fcrde im Alter herzustellen, gestaltet unser fachlich hervorragend geschultes Team jeden Tag ein abwechslungsreiches und spannendes Programm und ber\u00fccksichtigt dabei die W\u00fcnsche und die individuellen Bed\u00fcrfnisse unserer G\u00e4ste.<br \/><br \/>Besuchen Sie uns zu einem kostenfreien Probetag und \u00fcberzeugen Sie sich selbst. Wir freuen uns auf Sie.<\/p>\t\t\t\t\t\t\t\t<\/div>\n\t\t\t\t<\/div>\n\t\t\t\t\t<\/div>\n\t\t<\/div>\n\t\t\t\t\t<\/div>\n\t\t<\/section>\n\t\t\t\t<section class=\"elementor-section elementor-top-section elementor-element elementor-element-283791c elementor-section-boxed elementor-section-height-default elementor-section-height-default\" data-id=\"283791c\" data-element_type=\"section\" data-settings=\"{&quot;background_background&quot;:&quot;classic&quot;}\">\n\t\t\t\t\t\t<div class=\"elementor-container elementor-column-gap-default\">\n\t\t\t\t\t<div class=\"elementor-column elementor-col-50 elementor-top-column elementor-element elementor-element-c799b55\" data-id=\"c799b55\" data-element_type=\"column\">\n\t\t\t<div class=\"elementor-widget-wrap elementor-element-populated\">\n\t\t\t\t\t\t<div class=\"elementor-element elementor-element-0bab046 elementor-widget elementor-widget-image\" data-id=\"0bab046\" data-element_type=\"widget\" data-widget_type=\"image.default\">\n\t\t\t\t<div class=\"elementor-widget-container\">\n\t\t\t\t\t\t\t\t\t\t\t\t\t\t\t<img loading=\"lazy\" decoding=\"async\" width=\"800\" height=\"533\" src=\"https:\/\/tagespflege-hennigsdorf.de\/wp-content\/uploads\/2022\/05\/tagespflege_lebensArt.jpg\" class=\"attachment-large size-large wp-image-279\" alt=\"\" srcset=\"https:\/\/tagespflege-hennigsdorf.de\/wp-content\/uploads\/2022\/05\/tagespflege_lebensArt.jpg 800w, https:\/\/tagespflege-hennigsdorf.de\/wp-content\/uploads\/2022\/05\/tagespflege_lebensArt-300x200.jpg 300w, https:\/\/tagespflege-hennigsdorf.de\/wp-content\/uploads\/2022\/05\/tagespflege_lebensArt-768x512.jpg 768w\" sizes=\"(max-width: 800px) 100vw, 800px\" \/>\t\t\t\t\t\t\t\t\t\t\t\t\t\t\t<\/div>\n\t\t\t\t<\/div>\n\t\t\t\t\t<\/div>\n\t\t<\/div>\n\t\t\t\t<div class=\"elementor-column elementor-col-50 elementor-top-column elementor-element elementor-element-8cbedef\" data-id=\"8cbedef\" data-element_type=\"column\">\n\t\t\t<div class=\"elementor-widget-wrap elementor-element-populated\">\n\t\t\t\t\t\t<div class=\"elementor-element elementor-element-7a291a6 elementor-widget elementor-widget-image\" data-id=\"7a291a6\" data-element_type=\"widget\" data-widget_type=\"image.default\">\n\t\t\t\t<div class=\"elementor-widget-container\">\n\t\t\t\t\t\t\t\t\t\t\t\t\t\t\t<img loading=\"lazy\" decoding=\"async\" width=\"800\" height=\"533\" src=\"https:\/\/tagespflege-hennigsdorf.de\/wp-content\/uploads\/2022\/05\/tagespflege_lebensArt_3.jpg\" class=\"attachment-large size-large wp-image-277\" alt=\"\" srcset=\"https:\/\/tagespflege-hennigsdorf.de\/wp-content\/uploads\/2022\/05\/tagespflege_lebensArt_3.jpg 800w, https:\/\/tagespflege-hennigsdorf.de\/wp-content\/uploads\/2022\/05\/tagespflege_lebensArt_3-300x200.jpg 300w, https:\/\/tagespflege-hennigsdorf.de\/wp-content\/uploads\/2022\/05\/tagespflege_lebensArt_3-768x512.jpg 768w\" sizes=\"(max-width: 800px) 100vw, 800px\" \/>\t\t\t\t\t\t\t\t\t\t\t\t\t\t\t<\/div>\n\t\t\t\t<\/div>\n\t\t\t\t\t<\/div>\n\t\t<\/div>\n\t\t\t\t\t<\/div>\n\t\t<\/section>\n\t\t\t\t<\/div>\n\t\t","protected":false},"excerpt":{"rendered":"<p>Ein herzliches Willkommen bei der Tagespflegest\u00e4tte LebensArt. Einer Einrichtung der Pflegedienst Hennigsdorf gGmbH. Unser Gutschein zum Ausdrucken &gt;&gt; Hier geht es zum Download Das wichtigste im Leben ist ein soziales Umfeld, Selbstbestimmung und ein gesellschaftliches Miteinander. Wir beobachten t\u00e4glich, dass diese Dinge in der H\u00e4uslichkeit pflegebed\u00fcrftiger Menschen aus verschiedensten Gr\u00fcnden oftmals nicht gegeben sind. Jedoch [&hellip;]<\/p>\n","protected":false},"author":1,"featured_media":0,"parent":0,"menu_order":0,"comment_status":"closed","ping_status":"closed","template":"elementor_header_footer","meta":{"footnotes":""},"class_list":["post-7","page","type-page","status-publish","hentry"],"yoast_head":"<!-- This site is optimized with the Yoast SEO plugin v24.2 - https:\/\/yoast.com\/wordpress\/plugins\/seo\/ -->\n<title>Startseite - LebensART Tagespflege<\/title>\n<meta name=\"description\" content=\"Willkommen bei der Tagespflege LebensArt. Wir haben unsere R\u00e4umlichkeiten in Velten und freuen uns auf Sie.\" \/>\n<meta name=\"robots\" content=\"index, follow, max-snippet:-1, max-image-preview:large, max-video-preview:-1\" \/>\n<link rel=\"canonical\" href=\"https:\/\/tagespflege-hennigsdorf.de\/\" \/>\n<meta property=\"og:locale\" content=\"de_DE\" \/>\n<meta property=\"og:type\" content=\"article\" \/>\n<meta property=\"og:title\" content=\"Startseite - LebensART Tagespflege\" \/>\n<meta property=\"og:description\" content=\"Willkommen bei der Tagespflege LebensArt. Wir haben unsere R\u00e4umlichkeiten in Velten und freuen uns auf Sie.\" \/>\n<meta property=\"og:url\" content=\"https:\/\/tagespflege-hennigsdorf.de\/\" \/>\n<meta property=\"og:site_name\" content=\"LebensART Tagespflege\" \/>\n<meta property=\"article:modified_time\" content=\"2025-02-03T09:24:31+00:00\" \/>\n<meta property=\"og:image\" content=\"https:\/\/tagespflege-hennigsdorf.de\/wp-content\/uploads\/2022\/05\/stoerer.png\" \/>\n\t<meta property=\"og:image:width\" content=\"319\" \/>\n\t<meta property=\"og:image:height\" content=\"202\" \/>\n\t<meta property=\"og:image:type\" content=\"image\/png\" \/>\n<meta name=\"twitter:card\" content=\"summary_large_image\" \/>\n<meta name=\"twitter:label1\" content=\"Gesch\u00e4tzte Lesezeit\" \/>\n\t<meta name=\"twitter:data1\" content=\"3\u00a0Minuten\" \/>\n<script type=\"application\/ld+json\" class=\"yoast-schema-graph\">{\"@context\":\"https:\/\/schema.org\",\"@graph\":[{\"@type\":\"WebPage\",\"@id\":\"https:\/\/tagespflege-hennigsdorf.de\/\",\"url\":\"https:\/\/tagespflege-hennigsdorf.de\/\",\"name\":\"Startseite - LebensART Tagespflege\",\"isPartOf\":{\"@id\":\"https:\/\/tagespflege-hennigsdorf.de\/#website\"},\"primaryImageOfPage\":{\"@id\":\"https:\/\/tagespflege-hennigsdorf.de\/#primaryimage\"},\"image\":{\"@id\":\"https:\/\/tagespflege-hennigsdorf.de\/#primaryimage\"},\"thumbnailUrl\":\"https:\/\/tagespflege-hennigsdorf.de\/wp-content\/uploads\/2022\/05\/stoerer.png\",\"datePublished\":\"2022-05-03T05:44:55+00:00\",\"dateModified\":\"2025-02-03T09:24:31+00:00\",\"description\":\"Willkommen bei der Tagespflege LebensArt. Wir haben unsere R\u00e4umlichkeiten in Velten und freuen uns auf Sie.\",\"breadcrumb\":{\"@id\":\"https:\/\/tagespflege-hennigsdorf.de\/#breadcrumb\"},\"inLanguage\":\"de\",\"potentialAction\":[{\"@type\":\"ReadAction\",\"target\":[\"https:\/\/tagespflege-hennigsdorf.de\/\"]}]},{\"@type\":\"ImageObject\",\"inLanguage\":\"de\",\"@id\":\"https:\/\/tagespflege-hennigsdorf.de\/#primaryimage\",\"url\":\"https:\/\/tagespflege-hennigsdorf.de\/wp-content\/uploads\/2022\/05\/stoerer.png\",\"contentUrl\":\"https:\/\/tagespflege-hennigsdorf.de\/wp-content\/uploads\/2022\/05\/stoerer.png\",\"width\":319,\"height\":202},{\"@type\":\"BreadcrumbList\",\"@id\":\"https:\/\/tagespflege-hennigsdorf.de\/#breadcrumb\",\"itemListElement\":[{\"@type\":\"ListItem\",\"position\":1,\"name\":\"Startseite\",\"item\":\"https:\/\/tagespflege-hennigsdorf.de\/\"},{\"@type\":\"ListItem\",\"position\":2,\"name\":\"Startseite\"}]},{\"@type\":\"WebSite\",\"@id\":\"https:\/\/tagespflege-hennigsdorf.de\/#website\",\"url\":\"https:\/\/tagespflege-hennigsdorf.de\/\",\"name\":\"LebensART Tagespflege\",\"description\":\"Ihre Tagespflege in Velten\",\"publisher\":{\"@id\":\"https:\/\/tagespflege-hennigsdorf.de\/#organization\"},\"potentialAction\":[{\"@type\":\"SearchAction\",\"target\":{\"@type\":\"EntryPoint\",\"urlTemplate\":\"https:\/\/tagespflege-hennigsdorf.de\/?s={search_term_string}\"},\"query-input\":{\"@type\":\"PropertyValueSpecification\",\"valueRequired\":true,\"valueName\":\"search_term_string\"}}],\"inLanguage\":\"de\"},{\"@type\":\"Organization\",\"@id\":\"https:\/\/tagespflege-hennigsdorf.de\/#organization\",\"name\":\"LebensART Tagespflege\",\"url\":\"https:\/\/tagespflege-hennigsdorf.de\/\",\"logo\":{\"@type\":\"ImageObject\",\"inLanguage\":\"de\",\"@id\":\"https:\/\/tagespflege-hennigsdorf.de\/#\/schema\/logo\/image\/\",\"url\":\"https:\/\/tagespflege-hennigsdorf.de\/wp-content\/uploads\/2022\/05\/logo.png\",\"contentUrl\":\"https:\/\/tagespflege-hennigsdorf.de\/wp-content\/uploads\/2022\/05\/logo.png\",\"width\":500,\"height\":163,\"caption\":\"LebensART Tagespflege\"},\"image\":{\"@id\":\"https:\/\/tagespflege-hennigsdorf.de\/#\/schema\/logo\/image\/\"}}]}<\/script>\n<!-- \/ Yoast SEO plugin. -->","yoast_head_json":{"title":"Startseite - LebensART Tagespflege","description":"Willkommen bei der Tagespflege LebensArt. Wir haben unsere R\u00e4umlichkeiten in Velten und freuen uns auf Sie.","robots":{"index":"index","follow":"follow","max-snippet":"max-snippet:-1","max-image-preview":"max-image-preview:large","max-video-preview":"max-video-preview:-1"},"canonical":"https:\/\/tagespflege-hennigsdorf.de\/","og_locale":"de_DE","og_type":"article","og_title":"Startseite - LebensART Tagespflege","og_description":"Willkommen bei der Tagespflege LebensArt. Wir haben unsere R\u00e4umlichkeiten in Velten und freuen uns auf Sie.","og_url":"https:\/\/tagespflege-hennigsdorf.de\/","og_site_name":"LebensART Tagespflege","article_modified_time":"2025-02-03T09:24:31+00:00","og_image":[{"width":319,"height":202,"url":"https:\/\/tagespflege-hennigsdorf.de\/wp-content\/uploads\/2022\/05\/stoerer.png","type":"image\/png"}],"twitter_card":"summary_large_image","twitter_misc":{"Gesch\u00e4tzte Lesezeit":"3\u00a0Minuten"},"schema":{"@context":"https:\/\/schema.org","@graph":[{"@type":"WebPage","@id":"https:\/\/tagespflege-hennigsdorf.de\/","url":"https:\/\/tagespflege-hennigsdorf.de\/","name":"Startseite - LebensART Tagespflege","isPartOf":{"@id":"https:\/\/tagespflege-hennigsdorf.de\/#website"},"primaryImageOfPage":{"@id":"https:\/\/tagespflege-hennigsdorf.de\/#primaryimage"},"image":{"@id":"https:\/\/tagespflege-hennigsdorf.de\/#primaryimage"},"thumbnailUrl":"https:\/\/tagespflege-hennigsdorf.de\/wp-content\/uploads\/2022\/05\/stoerer.png","datePublished":"2022-05-03T05:44:55+00:00","dateModified":"2025-02-03T09:24:31+00:00","description":"Willkommen bei der Tagespflege LebensArt. Wir haben unsere R\u00e4umlichkeiten in Velten und freuen uns auf Sie.","breadcrumb":{"@id":"https:\/\/tagespflege-hennigsdorf.de\/#breadcrumb"},"inLanguage":"de","potentialAction":[{"@type":"ReadAction","target":["https:\/\/tagespflege-hennigsdorf.de\/"]}]},{"@type":"ImageObject","inLanguage":"de","@id":"https:\/\/tagespflege-hennigsdorf.de\/#primaryimage","url":"https:\/\/tagespflege-hennigsdorf.de\/wp-content\/uploads\/2022\/05\/stoerer.png","contentUrl":"https:\/\/tagespflege-hennigsdorf.de\/wp-content\/uploads\/2022\/05\/stoerer.png","width":319,"height":202},{"@type":"BreadcrumbList","@id":"https:\/\/tagespflege-hennigsdorf.de\/#breadcrumb","itemListElement":[{"@type":"ListItem","position":1,"name":"Startseite","item":"https:\/\/tagespflege-hennigsdorf.de\/"},{"@type":"ListItem","position":2,"name":"Startseite"}]},{"@type":"WebSite","@id":"https:\/\/tagespflege-hennigsdorf.de\/#website","url":"https:\/\/tagespflege-hennigsdorf.de\/","name":"LebensART Tagespflege","description":"Ihre Tagespflege in Velten","publisher":{"@id":"https:\/\/tagespflege-hennigsdorf.de\/#organization"},"potentialAction":[{"@type":"SearchAction","target":{"@type":"EntryPoint","urlTemplate":"https:\/\/tagespflege-hennigsdorf.de\/?s={search_term_string}"},"query-input":{"@type":"PropertyValueSpecification","valueRequired":true,"valueName":"search_term_string"}}],"inLanguage":"de"},{"@type":"Organization","@id":"https:\/\/tagespflege-hennigsdorf.de\/#organization","name":"LebensART Tagespflege","url":"https:\/\/tagespflege-hennigsdorf.de\/","logo":{"@type":"ImageObject","inLanguage":"de","@id":"https:\/\/tagespflege-hennigsdorf.de\/#\/schema\/logo\/image\/","url":"https:\/\/tagespflege-hennigsdorf.de\/wp-content\/uploads\/2022\/05\/logo.png","contentUrl":"https:\/\/tagespflege-hennigsdorf.de\/wp-content\/uploads\/2022\/05\/logo.png","width":500,"height":163,"caption":"LebensART Tagespflege"},"image":{"@id":"https:\/\/tagespflege-hennigsdorf.de\/#\/schema\/logo\/image\/"}}]}},"_links":{"self":[{"href":"https:\/\/tagespflege-hennigsdorf.de\/index.php?rest_route=\/wp\/v2\/pages\/7","targetHints":{"allow":["GET"]}}],"collection":[{"href":"https:\/\/tagespflege-hennigsdorf.de\/index.php?rest_route=\/wp\/v2\/pages"}],"about":[{"href":"https:\/\/tagespflege-hennigsdorf.de\/index.php?rest_route=\/wp\/v2\/types\/page"}],"author":[{"embeddable":true,"href":"https:\/\/tagespflege-hennigsdorf.de\/index.php?rest_route=\/wp\/v2\/users\/1"}],"replies":[{"embeddable":true,"href":"https:\/\/tagespflege-hennigsdorf.de\/index.php?rest_route=%2Fwp%2Fv2%2Fcomments&post=7"}],"version-history":[{"count":23,"href":"https:\/\/tagespflege-hennigsdorf.de\/index.php?rest_route=\/wp\/v2\/pages\/7\/revisions"}],"predecessor-version":[{"id":415,"href":"https:\/\/tagespflege-hennigsdorf.de\/index.php?rest_route=\/wp\/v2\/pages\/7\/revisions\/415"}],"wp:attachment":[{"href":"https:\/\/tagespflege-hennigsdorf.de\/index.php?rest_route=%2Fwp%2Fv2%2Fmedia&parent=7"}],"curies":[{"name":"wp","href":"https:\/\/api.w.org\/{rel}","templated":true}]}}