{"id":88,"date":"2022-05-03T10:30:50","date_gmt":"2022-05-03T08:30:50","guid":{"rendered":"http:\/\/tagespflege-hennigsdorf.de\/?page_id=88"},"modified":"2022-05-13T18:33:40","modified_gmt":"2022-05-13T16:33:40","slug":"angebot","status":"publish","type":"page","link":"https:\/\/tagespflege-hennigsdorf.de\/?page_id=88","title":{"rendered":"Angebot"},"content":{"rendered":"\t\t<div data-elementor-type=\"wp-page\" data-elementor-id=\"88\" class=\"elementor elementor-88\" data-elementor-post-type=\"page\">\n\t\t\t\t\t\t<section class=\"elementor-section elementor-top-section elementor-element elementor-element-d0473d4 elementor-section-boxed elementor-section-height-default elementor-section-height-default\" data-id=\"d0473d4\" data-element_type=\"section\" data-settings=\"{&quot;background_background&quot;:&quot;classic&quot;}\">\n\t\t\t\t\t\t<div class=\"elementor-container elementor-column-gap-default\">\n\t\t\t\t\t<div class=\"elementor-column elementor-col-100 elementor-top-column elementor-element elementor-element-7df2c0a\" data-id=\"7df2c0a\" data-element_type=\"column\">\n\t\t\t<div class=\"elementor-widget-wrap elementor-element-populated\">\n\t\t\t\t\t\t<div class=\"elementor-element elementor-element-22f617e elementor-widget elementor-widget-heading\" data-id=\"22f617e\" data-element_type=\"widget\" data-widget_type=\"heading.default\">\n\t\t\t\t<div class=\"elementor-widget-container\">\n\t\t\t\t\t<h2 class=\"elementor-heading-title elementor-size-default\">Besuchen Sie uns zu einem kostenfreien Probetag und \u00fcberzeugen Sie sich selbst. Wir freuen uns auf Sie.<\/h2>\t\t\t\t<\/div>\n\t\t\t\t<\/div>\n\t\t\t\t\t<\/div>\n\t\t<\/div>\n\t\t\t\t\t<\/div>\n\t\t<\/section>\n\t\t\t\t<section class=\"elementor-section elementor-top-section elementor-element elementor-element-57ad104 elementor-section-boxed elementor-section-height-default elementor-section-height-default\" data-id=\"57ad104\" data-element_type=\"section\" data-settings=\"{&quot;background_background&quot;:&quot;classic&quot;}\">\n\t\t\t\t\t\t<div class=\"elementor-container elementor-column-gap-default\">\n\t\t\t\t\t<div class=\"elementor-column elementor-col-50 elementor-top-column elementor-element elementor-element-1ee13c3\" data-id=\"1ee13c3\" data-element_type=\"column\">\n\t\t\t<div class=\"elementor-widget-wrap elementor-element-populated\">\n\t\t\t\t\t\t<div class=\"elementor-element elementor-element-5186d56 elementor-widget elementor-widget-heading\" data-id=\"5186d56\" data-element_type=\"widget\" data-widget_type=\"heading.default\">\n\t\t\t\t<div class=\"elementor-widget-container\">\n\t\t\t\t\t<h3 class=\"elementor-heading-title elementor-size-default\">Unsere Leistungen im \u00dcberblick:<\/h3>\t\t\t\t<\/div>\n\t\t\t\t<\/div>\n\t\t\t\t<div class=\"elementor-element elementor-element-c84196e elementor-widget elementor-widget-text-editor\" data-id=\"c84196e\" data-element_type=\"widget\" data-widget_type=\"text-editor.default\">\n\t\t\t\t<div class=\"elementor-widget-container\">\n\t\t\t\t\t\t\t\t\t<ul><li>Tagesbetreuung<\/li><li>Gymnastik und Seniorensport<\/li><li>Basale Stimulation<\/li><li>Ged\u00e4chtnistraining<\/li><li>Hundebesuchsdienst<\/li><li>Musiktherapie<\/li><li>Spazierg\u00e4nge<\/li><li>Medizinische Fu\u00dfpflege<\/li><li>Gruppenaktivit\u00e4ten<\/li><li>v.m.<\/li><\/ul>\t\t\t\t\t\t\t\t<\/div>\n\t\t\t\t<\/div>\n\t\t\t\t\t<\/div>\n\t\t<\/div>\n\t\t\t\t<div class=\"elementor-column elementor-col-50 elementor-top-column elementor-element elementor-element-6a09084\" data-id=\"6a09084\" data-element_type=\"column\">\n\t\t\t<div class=\"elementor-widget-wrap elementor-element-populated\">\n\t\t\t\t\t\t<div class=\"elementor-element elementor-element-7c7e0de elementor-widget elementor-widget-image\" data-id=\"7c7e0de\" data-element_type=\"widget\" data-widget_type=\"image.default\">\n\t\t\t\t<div class=\"elementor-widget-container\">\n\t\t\t\t\t\t\t\t\t\t\t\t\t\t\t<img fetchpriority=\"high\" decoding=\"async\" width=\"800\" height=\"534\" src=\"https:\/\/tagespflege-hennigsdorf.de\/wp-content\/uploads\/2022\/05\/wohnzimmer_lebensart.jpg\" class=\"attachment-large size-large wp-image-124\" alt=\"\" srcset=\"https:\/\/tagespflege-hennigsdorf.de\/wp-content\/uploads\/2022\/05\/wohnzimmer_lebensart.jpg 800w, https:\/\/tagespflege-hennigsdorf.de\/wp-content\/uploads\/2022\/05\/wohnzimmer_lebensart-300x200.jpg 300w, https:\/\/tagespflege-hennigsdorf.de\/wp-content\/uploads\/2022\/05\/wohnzimmer_lebensart-768x513.jpg 768w\" sizes=\"(max-width: 800px) 100vw, 800px\" \/>\t\t\t\t\t\t\t\t\t\t\t\t\t\t\t<\/div>\n\t\t\t\t<\/div>\n\t\t\t\t<div class=\"elementor-element elementor-element-23bed5c elementor-widget elementor-widget-heading\" data-id=\"23bed5c\" data-element_type=\"widget\" data-widget_type=\"heading.default\">\n\t\t\t\t<div class=\"elementor-widget-container\">\n\t\t\t\t\t<h6 class=\"elementor-heading-title elementor-size-default\">Das Wohnzimmer bei Lebensart.<\/h6>\t\t\t\t<\/div>\n\t\t\t\t<\/div>\n\t\t\t\t\t<\/div>\n\t\t<\/div>\n\t\t\t\t\t<\/div>\n\t\t<\/section>\n\t\t\t\t<section class=\"elementor-section elementor-top-section elementor-element elementor-element-358a93d elementor-section-boxed elementor-section-height-default elementor-section-height-default\" data-id=\"358a93d\" data-element_type=\"section\" data-settings=\"{&quot;background_background&quot;:&quot;classic&quot;}\">\n\t\t\t\t\t\t<div class=\"elementor-container elementor-column-gap-default\">\n\t\t\t\t\t<div class=\"elementor-column elementor-col-50 elementor-top-column elementor-element elementor-element-9619b5b\" data-id=\"9619b5b\" data-element_type=\"column\">\n\t\t\t<div class=\"elementor-widget-wrap elementor-element-populated\">\n\t\t\t\t\t\t<div class=\"elementor-element elementor-element-26e3ee1 elementor-widget elementor-widget-image\" data-id=\"26e3ee1\" data-element_type=\"widget\" data-widget_type=\"image.default\">\n\t\t\t\t<div class=\"elementor-widget-container\">\n\t\t\t\t\t\t\t\t\t\t\t\t\t\t\t<img decoding=\"async\" width=\"800\" height=\"534\" src=\"https:\/\/tagespflege-hennigsdorf.de\/wp-content\/uploads\/2022\/05\/sportzimmer_lebensart.jpg\" class=\"attachment-large size-large wp-image-123\" alt=\"\" srcset=\"https:\/\/tagespflege-hennigsdorf.de\/wp-content\/uploads\/2022\/05\/sportzimmer_lebensart.jpg 800w, https:\/\/tagespflege-hennigsdorf.de\/wp-content\/uploads\/2022\/05\/sportzimmer_lebensart-300x200.jpg 300w, https:\/\/tagespflege-hennigsdorf.de\/wp-content\/uploads\/2022\/05\/sportzimmer_lebensart-768x513.jpg 768w\" sizes=\"(max-width: 800px) 100vw, 800px\" \/>\t\t\t\t\t\t\t\t\t\t\t\t\t\t\t<\/div>\n\t\t\t\t<\/div>\n\t\t\t\t<div class=\"elementor-element elementor-element-64ae6ee elementor-widget elementor-widget-heading\" data-id=\"64ae6ee\" data-element_type=\"widget\" data-widget_type=\"heading.default\">\n\t\t\t\t<div class=\"elementor-widget-container\">\n\t\t\t\t\t<h6 class=\"elementor-heading-title elementor-size-default\">Unser Sportzimmer.<\/h6>\t\t\t\t<\/div>\n\t\t\t\t<\/div>\n\t\t\t\t\t<\/div>\n\t\t<\/div>\n\t\t\t\t<div class=\"elementor-column elementor-col-50 elementor-top-column elementor-element elementor-element-278c7d0\" data-id=\"278c7d0\" data-element_type=\"column\">\n\t\t\t<div class=\"elementor-widget-wrap elementor-element-populated\">\n\t\t\t\t\t\t<div class=\"elementor-element elementor-element-fda5165 elementor-widget elementor-widget-image\" data-id=\"fda5165\" data-element_type=\"widget\" data-widget_type=\"image.default\">\n\t\t\t\t<div class=\"elementor-widget-container\">\n\t\t\t\t\t\t\t\t\t\t\t\t\t\t\t<img decoding=\"async\" width=\"800\" height=\"534\" src=\"https:\/\/tagespflege-hennigsdorf.de\/wp-content\/uploads\/2022\/05\/speiseraum_2_lebensart.jpg\" class=\"attachment-large size-large wp-image-121\" alt=\"\" srcset=\"https:\/\/tagespflege-hennigsdorf.de\/wp-content\/uploads\/2022\/05\/speiseraum_2_lebensart.jpg 800w, https:\/\/tagespflege-hennigsdorf.de\/wp-content\/uploads\/2022\/05\/speiseraum_2_lebensart-300x200.jpg 300w, https:\/\/tagespflege-hennigsdorf.de\/wp-content\/uploads\/2022\/05\/speiseraum_2_lebensart-768x513.jpg 768w\" sizes=\"(max-width: 800px) 100vw, 800px\" \/>\t\t\t\t\t\t\t\t\t\t\t\t\t\t\t<\/div>\n\t\t\t\t<\/div>\n\t\t\t\t<div class=\"elementor-element elementor-element-9a121d8 elementor-widget elementor-widget-heading\" data-id=\"9a121d8\" data-element_type=\"widget\" data-widget_type=\"heading.default\">\n\t\t\t\t<div class=\"elementor-widget-container\">\n\t\t\t\t\t<h6 class=\"elementor-heading-title elementor-size-default\">Hier wird gespeist und gelacht.<\/h6>\t\t\t\t<\/div>\n\t\t\t\t<\/div>\n\t\t\t\t\t<\/div>\n\t\t<\/div>\n\t\t\t\t\t<\/div>\n\t\t<\/section>\n\t\t\t\t<section class=\"elementor-section elementor-top-section elementor-element elementor-element-b971a84 elementor-section-boxed elementor-section-height-default elementor-section-height-default\" data-id=\"b971a84\" data-element_type=\"section\" data-settings=\"{&quot;background_background&quot;:&quot;classic&quot;}\">\n\t\t\t\t\t\t<div class=\"elementor-container elementor-column-gap-default\">\n\t\t\t\t\t<div class=\"elementor-column elementor-col-100 elementor-top-column elementor-element elementor-element-d4e0941\" data-id=\"d4e0941\" data-element_type=\"column\">\n\t\t\t<div class=\"elementor-widget-wrap elementor-element-populated\">\n\t\t\t\t\t\t<div class=\"elementor-element elementor-element-8eacdb3 elementor-widget elementor-widget-heading\" data-id=\"8eacdb3\" data-element_type=\"widget\" data-widget_type=\"heading.default\">\n\t\t\t\t<div class=\"elementor-widget-container\">\n\t\t\t\t\t<h3 class=\"elementor-heading-title elementor-size-default\">Viel Raum f\u00fcr Menschlichkeit und Freude.<\/h3>\t\t\t\t<\/div>\n\t\t\t\t<\/div>\n\t\t\t\t\t<\/div>\n\t\t<\/div>\n\t\t\t\t\t<\/div>\n\t\t<\/section>\n\t\t\t\t<section class=\"elementor-section elementor-top-section elementor-element elementor-element-8cd8ef0 elementor-section-boxed elementor-section-height-default elementor-section-height-default\" data-id=\"8cd8ef0\" data-element_type=\"section\" data-settings=\"{&quot;background_background&quot;:&quot;classic&quot;}\">\n\t\t\t\t\t\t<div class=\"elementor-container elementor-column-gap-default\">\n\t\t\t\t\t<div class=\"elementor-column elementor-col-50 elementor-top-column elementor-element elementor-element-f92d6d7\" data-id=\"f92d6d7\" data-element_type=\"column\">\n\t\t\t<div class=\"elementor-widget-wrap elementor-element-populated\">\n\t\t\t\t\t\t<div class=\"elementor-element elementor-element-63c669e elementor-widget elementor-widget-image\" data-id=\"63c669e\" data-element_type=\"widget\" data-widget_type=\"image.default\">\n\t\t\t\t<div class=\"elementor-widget-container\">\n\t\t\t\t\t\t\t\t\t\t\t\t\t\t\t<img loading=\"lazy\" decoding=\"async\" width=\"800\" height=\"534\" src=\"https:\/\/tagespflege-hennigsdorf.de\/wp-content\/uploads\/2022\/05\/speiseraum_lebensart.jpg\" class=\"attachment-large size-large wp-image-122\" alt=\"\" srcset=\"https:\/\/tagespflege-hennigsdorf.de\/wp-content\/uploads\/2022\/05\/speiseraum_lebensart.jpg 800w, https:\/\/tagespflege-hennigsdorf.de\/wp-content\/uploads\/2022\/05\/speiseraum_lebensart-300x200.jpg 300w, https:\/\/tagespflege-hennigsdorf.de\/wp-content\/uploads\/2022\/05\/speiseraum_lebensart-768x513.jpg 768w\" sizes=\"(max-width: 800px) 100vw, 800px\" \/>\t\t\t\t\t\t\t\t\t\t\t\t\t\t\t<\/div>\n\t\t\t\t<\/div>\n\t\t\t\t<div class=\"elementor-element elementor-element-712fd5f elementor-widget elementor-widget-heading\" data-id=\"712fd5f\" data-element_type=\"widget\" data-widget_type=\"heading.default\">\n\t\t\t\t<div class=\"elementor-widget-container\">\n\t\t\t\t\t<h6 class=\"elementor-heading-title elementor-size-default\">Stilvolle Lebensart.<\/h6>\t\t\t\t<\/div>\n\t\t\t\t<\/div>\n\t\t\t\t\t<\/div>\n\t\t<\/div>\n\t\t\t\t<div class=\"elementor-column elementor-col-50 elementor-top-column elementor-element elementor-element-8b511d2\" data-id=\"8b511d2\" data-element_type=\"column\">\n\t\t\t<div class=\"elementor-widget-wrap elementor-element-populated\">\n\t\t\t\t\t\t<div class=\"elementor-element elementor-element-7f5049f elementor-widget elementor-widget-heading\" data-id=\"7f5049f\" data-element_type=\"widget\" data-widget_type=\"heading.default\">\n\t\t\t\t<div class=\"elementor-widget-container\">\n\t\t\t\t\t<h3 class=\"elementor-heading-title elementor-size-default\">Weitere Leistungen von LebensArt:<\/h3>\t\t\t\t<\/div>\n\t\t\t\t<\/div>\n\t\t\t\t<div class=\"elementor-element elementor-element-8e2dbca elementor-widget elementor-widget-text-editor\" data-id=\"8e2dbca\" data-element_type=\"widget\" data-widget_type=\"text-editor.default\">\n\t\t\t\t<div class=\"elementor-widget-container\">\n\t\t\t\t\t\t\t\t\t<p><strong>Fahrdienst<\/strong><br \/>In Zusammenarbeit mit unseren<br \/>regionalen Partnern bieten wir einen Fahrdienst an, mit dem sich die G\u00e4ste zur Einrichtung und nach Hause bringen lassen k\u00f6nnen.<br \/><br \/><strong>Verpflegung<\/strong><br \/>Genie\u00dfen Sie mit uns in einladender Umgebung Fr\u00fchst\u00fcck, Mittagessen, Kaffee und Kuchen, sowie Zwischenmahlzeiten.<br \/>Getr\u00e4nke werden stets zur Verf\u00fcgung gestellt.<br \/><br \/><strong>Pflegeleistungen<\/strong><br \/>\u00dcber unsere examinierten Pflegekr\u00e4fte sind w\u00e4hrend des Aufenthalts medizinisch notwendige Versorgen vor Ort sichergestellt.<br \/><br \/><strong>Tagesangebot<\/strong><br \/>Bei uns finden Sie Gesellschaft und Unterhaltung. Mit abwechslungsreichem Programm kommt keine Langeweile auf.<\/p>\t\t\t\t\t\t\t\t<\/div>\n\t\t\t\t<\/div>\n\t\t\t\t\t<\/div>\n\t\t<\/div>\n\t\t\t\t\t<\/div>\n\t\t<\/section>\n\t\t\t\t<section class=\"elementor-section elementor-top-section elementor-element elementor-element-bcb9a41 elementor-section-boxed elementor-section-height-default elementor-section-height-default\" data-id=\"bcb9a41\" data-element_type=\"section\" data-settings=\"{&quot;background_background&quot;:&quot;classic&quot;}\">\n\t\t\t\t\t\t<div class=\"elementor-container elementor-column-gap-default\">\n\t\t\t\t\t<div class=\"elementor-column elementor-col-50 elementor-top-column elementor-element elementor-element-293f936\" data-id=\"293f936\" data-element_type=\"column\">\n\t\t\t<div class=\"elementor-widget-wrap elementor-element-populated\">\n\t\t\t\t\t\t<div class=\"elementor-element elementor-element-68a6159 elementor-widget elementor-widget-image\" data-id=\"68a6159\" data-element_type=\"widget\" data-widget_type=\"image.default\">\n\t\t\t\t<div class=\"elementor-widget-container\">\n\t\t\t\t\t\t\t\t\t\t\t\t\t\t\t<img loading=\"lazy\" decoding=\"async\" width=\"800\" height=\"534\" src=\"https:\/\/tagespflege-hennigsdorf.de\/wp-content\/uploads\/2022\/05\/kueche_lebensart.jpg\" class=\"attachment-large size-large wp-image-119\" alt=\"\" srcset=\"https:\/\/tagespflege-hennigsdorf.de\/wp-content\/uploads\/2022\/05\/kueche_lebensart.jpg 800w, https:\/\/tagespflege-hennigsdorf.de\/wp-content\/uploads\/2022\/05\/kueche_lebensart-300x200.jpg 300w, https:\/\/tagespflege-hennigsdorf.de\/wp-content\/uploads\/2022\/05\/kueche_lebensart-768x513.jpg 768w\" sizes=\"(max-width: 800px) 100vw, 800px\" \/>\t\t\t\t\t\t\t\t\t\t\t\t\t\t\t<\/div>\n\t\t\t\t<\/div>\n\t\t\t\t<div class=\"elementor-element elementor-element-11376bf elementor-widget elementor-widget-heading\" data-id=\"11376bf\" data-element_type=\"widget\" data-widget_type=\"heading.default\">\n\t\t\t\t<div class=\"elementor-widget-container\">\n\t\t\t\t\t<h6 class=\"elementor-heading-title elementor-size-default\">Modern und gro\u00df - unsere K\u00fcche.<\/h6>\t\t\t\t<\/div>\n\t\t\t\t<\/div>\n\t\t\t\t\t<\/div>\n\t\t<\/div>\n\t\t\t\t<div class=\"elementor-column elementor-col-50 elementor-top-column elementor-element elementor-element-ee580be\" data-id=\"ee580be\" data-element_type=\"column\">\n\t\t\t<div class=\"elementor-widget-wrap elementor-element-populated\">\n\t\t\t\t\t\t<div class=\"elementor-element elementor-element-685b167 elementor-widget elementor-widget-image\" data-id=\"685b167\" data-element_type=\"widget\" data-widget_type=\"image.default\">\n\t\t\t\t<div class=\"elementor-widget-container\">\n\t\t\t\t\t\t\t\t\t\t\t\t\t\t\t<img loading=\"lazy\" decoding=\"async\" width=\"1024\" height=\"683\" src=\"https:\/\/tagespflege-hennigsdorf.de\/wp-content\/uploads\/2022\/05\/ruhezimmer_lebensart.jpg\" class=\"attachment-full size-full wp-image-125\" alt=\"\" srcset=\"https:\/\/tagespflege-hennigsdorf.de\/wp-content\/uploads\/2022\/05\/ruhezimmer_lebensart.jpg 1024w, https:\/\/tagespflege-hennigsdorf.de\/wp-content\/uploads\/2022\/05\/ruhezimmer_lebensart-300x200.jpg 300w, https:\/\/tagespflege-hennigsdorf.de\/wp-content\/uploads\/2022\/05\/ruhezimmer_lebensart-768x512.jpg 768w\" sizes=\"(max-width: 1024px) 100vw, 1024px\" \/>\t\t\t\t\t\t\t\t\t\t\t\t\t\t\t<\/div>\n\t\t\t\t<\/div>\n\t\t\t\t<div class=\"elementor-element elementor-element-5f9e6d0 elementor-widget elementor-widget-heading\" data-id=\"5f9e6d0\" data-element_type=\"widget\" data-widget_type=\"heading.default\">\n\t\t\t\t<div class=\"elementor-widget-container\">\n\t\t\t\t\t<h6 class=\"elementor-heading-title elementor-size-default\">Privatsph\u00e4re und Stille. Die Ruhezimmer.<\/h6>\t\t\t\t<\/div>\n\t\t\t\t<\/div>\n\t\t\t\t\t<\/div>\n\t\t<\/div>\n\t\t\t\t\t<\/div>\n\t\t<\/section>\n\t\t\t\t<\/div>\n\t\t","protected":false},"excerpt":{"rendered":"<p>Besuchen Sie uns zu einem kostenfreien Probetag und \u00fcberzeugen Sie sich selbst. Wir freuen uns auf Sie. Unsere Leistungen im \u00dcberblick: Tagesbetreuung Gymnastik und Seniorensport Basale Stimulation Ged\u00e4chtnistraining Hundebesuchsdienst Musiktherapie Spazierg\u00e4nge Medizinische Fu\u00dfpflege Gruppenaktivit\u00e4ten v.m. Das Wohnzimmer bei Lebensart. Unser Sportzimmer. Hier wird gespeist und gelacht. Viel Raum f\u00fcr Menschlichkeit und Freude. Stilvolle Lebensart. Weitere [&hellip;]<\/p>\n","protected":false},"author":1,"featured_media":0,"parent":0,"menu_order":0,"comment_status":"closed","ping_status":"closed","template":"elementor_header_footer","meta":{"footnotes":""},"class_list":["post-88","page","type-page","status-publish","hentry"],"yoast_head":"<!-- This site is optimized with the Yoast SEO plugin v24.2 - https:\/\/yoast.com\/wordpress\/plugins\/seo\/ -->\n<title>Angebot - LebensART Tagespflege<\/title>\n<meta name=\"description\" content=\"Verschaffen Sie sich einen \u00dcberblick \u00fcber unsere Leistungen, Angebote und R\u00e4umlichkeiten bei der Tagespflege LebensArt.\" \/>\n<meta name=\"robots\" content=\"index, follow, max-snippet:-1, max-image-preview:large, max-video-preview:-1\" \/>\n<link rel=\"canonical\" href=\"https:\/\/tagespflege-hennigsdorf.de\/?page_id=88\" \/>\n<meta property=\"og:locale\" content=\"de_DE\" \/>\n<meta property=\"og:type\" content=\"article\" \/>\n<meta property=\"og:title\" content=\"Angebot - LebensART Tagespflege\" \/>\n<meta property=\"og:description\" content=\"Verschaffen Sie sich einen \u00dcberblick \u00fcber unsere Leistungen, Angebote und R\u00e4umlichkeiten bei der Tagespflege LebensArt.\" \/>\n<meta property=\"og:url\" content=\"https:\/\/tagespflege-hennigsdorf.de\/?page_id=88\" \/>\n<meta property=\"og:site_name\" content=\"LebensART Tagespflege\" \/>\n<meta property=\"article:modified_time\" content=\"2022-05-13T16:33:40+00:00\" \/>\n<meta property=\"og:image\" content=\"http:\/\/tagespflege-hennigsdorf.de\/wp-content\/uploads\/2022\/05\/wohnzimmer_lebensart.jpg\" \/>\n<meta name=\"twitter:card\" content=\"summary_large_image\" \/>\n<meta name=\"twitter:label1\" content=\"Gesch\u00e4tzte Lesezeit\" \/>\n\t<meta name=\"twitter:data1\" content=\"3\u00a0Minuten\" \/>\n<script type=\"application\/ld+json\" class=\"yoast-schema-graph\">{\"@context\":\"https:\/\/schema.org\",\"@graph\":[{\"@type\":\"WebPage\",\"@id\":\"https:\/\/tagespflege-hennigsdorf.de\/?page_id=88\",\"url\":\"https:\/\/tagespflege-hennigsdorf.de\/?page_id=88\",\"name\":\"Angebot - LebensART Tagespflege\",\"isPartOf\":{\"@id\":\"https:\/\/tagespflege-hennigsdorf.de\/#website\"},\"primaryImageOfPage\":{\"@id\":\"https:\/\/tagespflege-hennigsdorf.de\/?page_id=88#primaryimage\"},\"image\":{\"@id\":\"https:\/\/tagespflege-hennigsdorf.de\/?page_id=88#primaryimage\"},\"thumbnailUrl\":\"http:\/\/tagespflege-hennigsdorf.de\/wp-content\/uploads\/2022\/05\/wohnzimmer_lebensart.jpg\",\"datePublished\":\"2022-05-03T08:30:50+00:00\",\"dateModified\":\"2022-05-13T16:33:40+00:00\",\"description\":\"Verschaffen Sie sich einen \u00dcberblick \u00fcber unsere Leistungen, Angebote und R\u00e4umlichkeiten bei der Tagespflege LebensArt.\",\"breadcrumb\":{\"@id\":\"https:\/\/tagespflege-hennigsdorf.de\/?page_id=88#breadcrumb\"},\"inLanguage\":\"de\",\"potentialAction\":[{\"@type\":\"ReadAction\",\"target\":[\"https:\/\/tagespflege-hennigsdorf.de\/?page_id=88\"]}]},{\"@type\":\"ImageObject\",\"inLanguage\":\"de\",\"@id\":\"https:\/\/tagespflege-hennigsdorf.de\/?page_id=88#primaryimage\",\"url\":\"http:\/\/tagespflege-hennigsdorf.de\/wp-content\/uploads\/2022\/05\/wohnzimmer_lebensart.jpg\",\"contentUrl\":\"http:\/\/tagespflege-hennigsdorf.de\/wp-content\/uploads\/2022\/05\/wohnzimmer_lebensart.jpg\"},{\"@type\":\"BreadcrumbList\",\"@id\":\"https:\/\/tagespflege-hennigsdorf.de\/?page_id=88#breadcrumb\",\"itemListElement\":[{\"@type\":\"ListItem\",\"position\":1,\"name\":\"Startseite\",\"item\":\"https:\/\/tagespflege-hennigsdorf.de\/\"},{\"@type\":\"ListItem\",\"position\":2,\"name\":\"Angebot\"}]},{\"@type\":\"WebSite\",\"@id\":\"https:\/\/tagespflege-hennigsdorf.de\/#website\",\"url\":\"https:\/\/tagespflege-hennigsdorf.de\/\",\"name\":\"LebensART Tagespflege\",\"description\":\"Ihre Tagespflege in Velten\",\"publisher\":{\"@id\":\"https:\/\/tagespflege-hennigsdorf.de\/#organization\"},\"potentialAction\":[{\"@type\":\"SearchAction\",\"target\":{\"@type\":\"EntryPoint\",\"urlTemplate\":\"https:\/\/tagespflege-hennigsdorf.de\/?s={search_term_string}\"},\"query-input\":{\"@type\":\"PropertyValueSpecification\",\"valueRequired\":true,\"valueName\":\"search_term_string\"}}],\"inLanguage\":\"de\"},{\"@type\":\"Organization\",\"@id\":\"https:\/\/tagespflege-hennigsdorf.de\/#organization\",\"name\":\"LebensART Tagespflege\",\"url\":\"https:\/\/tagespflege-hennigsdorf.de\/\",\"logo\":{\"@type\":\"ImageObject\",\"inLanguage\":\"de\",\"@id\":\"https:\/\/tagespflege-hennigsdorf.de\/#\/schema\/logo\/image\/\",\"url\":\"https:\/\/tagespflege-hennigsdorf.de\/wp-content\/uploads\/2022\/05\/logo.png\",\"contentUrl\":\"https:\/\/tagespflege-hennigsdorf.de\/wp-content\/uploads\/2022\/05\/logo.png\",\"width\":500,\"height\":163,\"caption\":\"LebensART Tagespflege\"},\"image\":{\"@id\":\"https:\/\/tagespflege-hennigsdorf.de\/#\/schema\/logo\/image\/\"}}]}<\/script>\n<!-- \/ Yoast SEO plugin. -->","yoast_head_json":{"title":"Angebot - LebensART Tagespflege","description":"Verschaffen Sie sich einen \u00dcberblick \u00fcber unsere Leistungen, Angebote und R\u00e4umlichkeiten bei der Tagespflege LebensArt.","robots":{"index":"index","follow":"follow","max-snippet":"max-snippet:-1","max-image-preview":"max-image-preview:large","max-video-preview":"max-video-preview:-1"},"canonical":"https:\/\/tagespflege-hennigsdorf.de\/?page_id=88","og_locale":"de_DE","og_type":"article","og_title":"Angebot - LebensART Tagespflege","og_description":"Verschaffen Sie sich einen \u00dcberblick \u00fcber unsere Leistungen, Angebote und R\u00e4umlichkeiten bei der Tagespflege LebensArt.","og_url":"https:\/\/tagespflege-hennigsdorf.de\/?page_id=88","og_site_name":"LebensART Tagespflege","article_modified_time":"2022-05-13T16:33:40+00:00","og_image":[{"url":"http:\/\/tagespflege-hennigsdorf.de\/wp-content\/uploads\/2022\/05\/wohnzimmer_lebensart.jpg","type":"","width":"","height":""}],"twitter_card":"summary_large_image","twitter_misc":{"Gesch\u00e4tzte Lesezeit":"3\u00a0Minuten"},"schema":{"@context":"https:\/\/schema.org","@graph":[{"@type":"WebPage","@id":"https:\/\/tagespflege-hennigsdorf.de\/?page_id=88","url":"https:\/\/tagespflege-hennigsdorf.de\/?page_id=88","name":"Angebot - LebensART Tagespflege","isPartOf":{"@id":"https:\/\/tagespflege-hennigsdorf.de\/#website"},"primaryImageOfPage":{"@id":"https:\/\/tagespflege-hennigsdorf.de\/?page_id=88#primaryimage"},"image":{"@id":"https:\/\/tagespflege-hennigsdorf.de\/?page_id=88#primaryimage"},"thumbnailUrl":"http:\/\/tagespflege-hennigsdorf.de\/wp-content\/uploads\/2022\/05\/wohnzimmer_lebensart.jpg","datePublished":"2022-05-03T08:30:50+00:00","dateModified":"2022-05-13T16:33:40+00:00","description":"Verschaffen Sie sich einen \u00dcberblick \u00fcber unsere Leistungen, Angebote und R\u00e4umlichkeiten bei der Tagespflege LebensArt.","breadcrumb":{"@id":"https:\/\/tagespflege-hennigsdorf.de\/?page_id=88#breadcrumb"},"inLanguage":"de","potentialAction":[{"@type":"ReadAction","target":["https:\/\/tagespflege-hennigsdorf.de\/?page_id=88"]}]},{"@type":"ImageObject","inLanguage":"de","@id":"https:\/\/tagespflege-hennigsdorf.de\/?page_id=88#primaryimage","url":"http:\/\/tagespflege-hennigsdorf.de\/wp-content\/uploads\/2022\/05\/wohnzimmer_lebensart.jpg","contentUrl":"http:\/\/tagespflege-hennigsdorf.de\/wp-content\/uploads\/2022\/05\/wohnzimmer_lebensart.jpg"},{"@type":"BreadcrumbList","@id":"https:\/\/tagespflege-hennigsdorf.de\/?page_id=88#breadcrumb","itemListElement":[{"@type":"ListItem","position":1,"name":"Startseite","item":"https:\/\/tagespflege-hennigsdorf.de\/"},{"@type":"ListItem","position":2,"name":"Angebot"}]},{"@type":"WebSite","@id":"https:\/\/tagespflege-hennigsdorf.de\/#website","url":"https:\/\/tagespflege-hennigsdorf.de\/","name":"LebensART Tagespflege","description":"Ihre Tagespflege in Velten","publisher":{"@id":"https:\/\/tagespflege-hennigsdorf.de\/#organization"},"potentialAction":[{"@type":"SearchAction","target":{"@type":"EntryPoint","urlTemplate":"https:\/\/tagespflege-hennigsdorf.de\/?s={search_term_string}"},"query-input":{"@type":"PropertyValueSpecification","valueRequired":true,"valueName":"search_term_string"}}],"inLanguage":"de"},{"@type":"Organization","@id":"https:\/\/tagespflege-hennigsdorf.de\/#organization","name":"LebensART Tagespflege","url":"https:\/\/tagespflege-hennigsdorf.de\/","logo":{"@type":"ImageObject","inLanguage":"de","@id":"https:\/\/tagespflege-hennigsdorf.de\/#\/schema\/logo\/image\/","url":"https:\/\/tagespflege-hennigsdorf.de\/wp-content\/uploads\/2022\/05\/logo.png","contentUrl":"https:\/\/tagespflege-hennigsdorf.de\/wp-content\/uploads\/2022\/05\/logo.png","width":500,"height":163,"caption":"LebensART Tagespflege"},"image":{"@id":"https:\/\/tagespflege-hennigsdorf.de\/#\/schema\/logo\/image\/"}}]}},"_links":{"self":[{"href":"https:\/\/tagespflege-hennigsdorf.de\/index.php?rest_route=\/wp\/v2\/pages\/88","targetHints":{"allow":["GET"]}}],"collection":[{"href":"https:\/\/tagespflege-hennigsdorf.de\/index.php?rest_route=\/wp\/v2\/pages"}],"about":[{"href":"https:\/\/tagespflege-hennigsdorf.de\/index.php?rest_route=\/wp\/v2\/types\/page"}],"author":[{"embeddable":true,"href":"https:\/\/tagespflege-hennigsdorf.de\/index.php?rest_route=\/wp\/v2\/users\/1"}],"replies":[{"embeddable":true,"href":"https:\/\/tagespflege-hennigsdorf.de\/index.php?rest_route=%2Fwp%2Fv2%2Fcomments&post=88"}],"version-history":[{"count":11,"href":"https:\/\/tagespflege-hennigsdorf.de\/index.php?rest_route=\/wp\/v2\/pages\/88\/revisions"}],"predecessor-version":[{"id":373,"href":"https:\/\/tagespflege-hennigsdorf.de\/index.php?rest_route=\/wp\/v2\/pages\/88\/revisions\/373"}],"wp:attachment":[{"href":"https:\/\/tagespflege-hennigsdorf.de\/index.php?rest_route=%2Fwp%2Fv2%2Fmedia&parent=88"}],"curies":[{"name":"wp","href":"https:\/\/api.w.org\/{rel}","templated":true}]}}